{"id":6,"date":"2018-10-02T03:17:00","date_gmt":"2018-10-02T00:17:00","guid":{"rendered":"http:\/\/artdeko.jinn-team.com\/?page_id=6"},"modified":"2022-09-13T16:19:48","modified_gmt":"2022-09-13T13:19:48","slug":"about","status":"publish","type":"page","link":"https:\/\/artdecorooms.com.ua\/pl\/about\/","title":{"rendered":"O Nas"},"content":{"rendered":"<p>Art Deco Central Rooms to nowy mini-hotel znajduj\u0105cy si\u0119 w centralnej cz\u0119\u015bci Lwowa. Do wyboru Pa\u0144stwa proponujemy sze\u015b\u0107 komfortowych i przytulnych pokoi kategorii Economy, Classic i Superior z autorskim projektem w stylu Art Deco.<\/p>\n<p>Dla naszych go\u015bci tworzymy doskona\u0142e warunki mieszkaniowe, oferujemy przyjazn\u0105 i profesjonaln\u0105 obs\u0142ug\u0119, przytuln\u0105 atmosfer\u0119. To wszystko przyczyni si\u0119 do uzyskania najlepszych wra\u017ce\u0144 z pobytu w urokliwym i staro\u017cytnym mie\u015bcie Lwowie.<\/p>\n<p>Mini-hotel znajduje si\u0119 w cz\u0119\u015bci centralnej, w odleg\u0142o\u015bci 5-10 min. pieszo od wi\u0119kszo\u015bci zabytk\u00f3w. Najbardziej znane z nich to Park Iwana Franki \u2013 400 m, Pa\u0142ac Potockich \u2013 450 m, Ko\u015bci\u00f3\u0142 jezuit\u00f3w \u2013 500 m, Rynek \u2013 700 m, Opera Lwowska \u2013 700 m.<\/p>\n<p>Art Deco Central Rooms znajduje si\u0119 przy ulicy Piotra Doroszenki, historia kt\u00f3rej zaczyna si\u0119 w 1470 roku. Budynek pod numerem 22, w kt\u00f3rym znajduje si\u0119 mini-hotel, zosta\u0142 zbudowany w 1927 roku zgodnie z tradycyjnymi formami secesji i Art Deco. Odpowiedni projekt na budow\u0119 zosta\u0142 opracowany w 1925 roku przez architekta Salomona Keila na zam\u00f3wienie Bernarda Teina. Zgodnie z projektem architekta J\u00f3zefa Awina powsta\u0142o trzecie pi\u0119tro.<\/p>\n<p>Art Deco Central Rooms to miejsce, w kt\u00f3rym zawsze na Ciebie czekaj\u0105!<\/p>\n","protected":false},"excerpt":{"rendered":"<p>Art Deco Central Rooms to nowy mini-hotel znajduj\u0105cy si\u0119 w centralnej cz\u0119\u015bci Lwowa. Do wyboru Pa\u0144stwa proponujemy sze\u015b\u0107 komfortowych i przytulnych pokoi kategorii Economy, Classic i Superior z autorskim projektem w stylu Art Deco. Dla naszych go\u015bci tworzymy doskona\u0142e warunki mieszkaniowe, oferujemy przyjazn\u0105 i profesjonaln\u0105 obs\u0142ug\u0119, przytuln\u0105 atmosfer\u0119. To wszystko przyczyni si\u0119 do uzyskania najlepszych &hellip; <\/p>\n<p class=\"link-more\"><a href=\"https:\/\/artdecorooms.com.ua\/pl\/about\/\" class=\"more-link\">Czytaj dalej<span class=\"screen-reader-text\"> O Nas<\/span><\/a><\/p>\n","protected":false},"author":1,"featured_media":231,"parent":0,"menu_order":0,"comment_status":"closed","ping_status":"closed","template":"","meta":{"footnotes":""},"class_list":["post-6","page","type-page","status-publish","has-post-thumbnail","hentry"],"aioseo_notices":[],"_links":{"self":[{"href":"https:\/\/artdecorooms.com.ua\/pl\/wp-json\/wp\/v2\/pages\/6","targetHints":{"allow":["GET"]}}],"collection":[{"href":"https:\/\/artdecorooms.com.ua\/pl\/wp-json\/wp\/v2\/pages"}],"about":[{"href":"https:\/\/artdecorooms.com.ua\/pl\/wp-json\/wp\/v2\/types\/page"}],"author":[{"embeddable":true,"href":"https:\/\/artdecorooms.com.ua\/pl\/wp-json\/wp\/v2\/users\/1"}],"replies":[{"embeddable":true,"href":"https:\/\/artdecorooms.com.ua\/pl\/wp-json\/wp\/v2\/comments?post=6"}],"version-history":[{"count":20,"href":"https:\/\/artdecorooms.com.ua\/pl\/wp-json\/wp\/v2\/pages\/6\/revisions"}],"predecessor-version":[{"id":1472,"href":"https:\/\/artdecorooms.com.ua\/pl\/wp-json\/wp\/v2\/pages\/6\/revisions\/1472"}],"wp:featuredmedia":[{"embeddable":true,"href":"https:\/\/artdecorooms.com.ua\/pl\/wp-json\/wp\/v2\/media\/231"}],"wp:attachment":[{"href":"https:\/\/artdecorooms.com.ua\/pl\/wp-json\/wp\/v2\/media?parent=6"}],"curies":[{"name":"wp","href":"https:\/\/api.w.org\/{rel}","templated":true}]}}