{"id":169,"date":"2018-10-20T07:20:20","date_gmt":"2018-10-20T04:20:20","guid":{"rendered":"http:\/\/artdeko.jinn-team.com\/?page_id=169"},"modified":"2025-06-22T12:06:20","modified_gmt":"2025-06-22T09:06:20","slug":"room-standard","status":"publish","type":"page","link":"https:\/\/artdecorooms.com.ua\/pl\/rooms\/room-standard\/","title":{"rendered":"NUMER TYPU ECONOMY"},"content":{"rendered":"<p>Przytulny i komfortowy pok\u00f3j, zaprojektowany w oparciu o styl Art Deco.<br \/>\nPowierzchnia \u2013 14 m\u00b2.<\/p>\n<p>W numerze s\u0105:<\/p>\n<ul>\n<li>Dwa pojedyncze \u0142\u00f3\u017cka (90\u0445200 m)<\/li>\n<li>Darmowe Wi-Fi<\/li>\n<li>32-calowy telewizor LED<\/li>\n<li>Suszarka do w\u0142os\u00f3w<\/li>\n<li>Hipoalergiczne ko\u0142dry i poduszki<\/li>\n<li>Wysokogatunkowa po\u015bciel i 100%-bawe\u0142niane r\u0119czniki<\/li>\n<li>Wygodny materac ortopedyczny<\/li>\n<li>Kapcie<\/li>\n<\/ul>\n<p>Pyszne i znakomite \u015bniadanie r\u00f3wnie\u017c mo\u017cna zam\u00f3wi\u0107 u nas.<br \/>\nCena \u015bniadania &#8211; 270 UAH za osob\u0119.<\/p>\n<p>Bezp\u0142atne us\u0142ugi dla go\u015bci we wsp\u00f3lnym obszarze u\u017cytkowania:<\/p>\n<ul>\n<li>Ekspres do kawy z aromatyczn\u0105 kaw\u0105<\/li>\n<li>Lod\u00f3wka<\/li>\n<li>Mikrofal\u00f3wka<\/li>\n<li>Czajnik elektryczny<\/li>\n<li>\u017belazko, deska do prasowania, suszarka do ubra\u0144<\/li>\n<\/ul>\n","protected":false},"excerpt":{"rendered":"<p>Przytulny i komfortowy pok\u00f3j, zaprojektowany w oparciu o styl Art Deco. Powierzchnia \u2013 14 m\u00b2. W numerze s\u0105: Dwa pojedyncze \u0142\u00f3\u017cka (90\u0445200 m) Darmowe Wi-Fi 32-calowy telewizor LED Suszarka do w\u0142os\u00f3w Hipoalergiczne ko\u0142dry i poduszki Wysokogatunkowa po\u015bciel i 100%-bawe\u0142niane r\u0119czniki Wygodny materac ortopedyczny Kapcie Pyszne i znakomite \u015bniadanie r\u00f3wnie\u017c mo\u017cna zam\u00f3wi\u0107 u nas. Cena \u015bniadania &hellip; <\/p>\n<p class=\"link-more\"><a href=\"https:\/\/artdecorooms.com.ua\/pl\/rooms\/room-standard\/\" class=\"more-link\">Czytaj dalej<span class=\"screen-reader-text\"> NUMER TYPU ECONOMY<\/span><\/a><\/p>\n","protected":false},"author":1,"featured_media":340,"parent":39,"menu_order":3,"comment_status":"closed","ping_status":"closed","template":"page-room.php","meta":{"footnotes":""},"class_list":["post-169","page","type-page","status-publish","has-post-thumbnail","hentry"],"aioseo_notices":[],"_links":{"self":[{"href":"https:\/\/artdecorooms.com.ua\/pl\/wp-json\/wp\/v2\/pages\/169","targetHints":{"allow":["GET"]}}],"collection":[{"href":"https:\/\/artdecorooms.com.ua\/pl\/wp-json\/wp\/v2\/pages"}],"about":[{"href":"https:\/\/artdecorooms.com.ua\/pl\/wp-json\/wp\/v2\/types\/page"}],"author":[{"embeddable":true,"href":"https:\/\/artdecorooms.com.ua\/pl\/wp-json\/wp\/v2\/users\/1"}],"replies":[{"embeddable":true,"href":"https:\/\/artdecorooms.com.ua\/pl\/wp-json\/wp\/v2\/comments?post=169"}],"version-history":[{"count":48,"href":"https:\/\/artdecorooms.com.ua\/pl\/wp-json\/wp\/v2\/pages\/169\/revisions"}],"predecessor-version":[{"id":1977,"href":"https:\/\/artdecorooms.com.ua\/pl\/wp-json\/wp\/v2\/pages\/169\/revisions\/1977"}],"up":[{"embeddable":true,"href":"https:\/\/artdecorooms.com.ua\/pl\/wp-json\/wp\/v2\/pages\/39"}],"wp:featuredmedia":[{"embeddable":true,"href":"https:\/\/artdecorooms.com.ua\/pl\/wp-json\/wp\/v2\/media\/340"}],"wp:attachment":[{"href":"https:\/\/artdecorooms.com.ua\/pl\/wp-json\/wp\/v2\/media?parent=169"}],"curies":[{"name":"wp","href":"https:\/\/api.w.org\/{rel}","templated":true}]}}