{"id":145,"date":"2018-10-08T06:29:51","date_gmt":"2018-10-08T03:29:51","guid":{"rendered":"http:\/\/artdeko.jinn-team.com\/?page_id=145"},"modified":"2026-03-03T07:35:11","modified_gmt":"2026-03-03T05:35:11","slug":"room-superior","status":"publish","type":"page","link":"https:\/\/artdecorooms.com.ua\/pl\/rooms\/room-superior\/","title":{"rendered":"NUMER SUPERIOR"},"content":{"rendered":"<p>Przytulny i komfortowy pok\u00f3j ze zwi\u0119kszon\u0105 powierzchni\u0105 i widokiem na miasto, zaprojektowany w oparciu o styl Art Deco. Powierzchnia \u2013 19,5 m 2 .<\/p>\n<p>W numerze s\u0105:<\/p>\n<ul>\n<li>Dwuosobowe \u0142\u00f3\u017cko king-size (160\u0445200 m)<\/li>\n<li>Darmowe Wi-Fi<\/li>\n<li>32-calowy telewizor LED<\/li>\n<li>Klimatyzator inwerterowy (pokoje z widokiem na miasto)<\/li>\n<li>Suszarka do w\u0142os\u00f3w<\/li>\n<li>Hipoalergiczne ko\u0142dry i poduszki<\/li>\n<li>Wysokogatunkowa po\u015bciel i 100%-bawe\u0142niane r\u0119czniki<\/li>\n<li>Wygodny materac ortopedyczny<\/li>\n<li>Kapcie<\/li>\n<li>Mo\u017cliwo\u015b\u0107 wstawiania dodatkowego \u0142\u00f3\u017cka (nale\u017cy uzgodni\u0107 z administratorem)<\/li>\n<\/ul>\n<p>Pyszne i znakomite \u015bniadanie r\u00f3wnie\u017c mo\u017cna zam\u00f3wi\u0107 u nas.<br \/>Cena \u015bniadania &#8211; 290 UAH za osob\u0119.<\/p>\n<p>Bezp\u0142atne us\u0142ugi dla go\u015bci we wsp\u00f3lnym obszarze u\u017cytkowania:<\/p>\n<ul>\n<li>Ekspres do kawy z aromatyczn\u0105 kaw\u0105<\/li>\n<li>Lod\u00f3wka<\/li>\n<li>Mikrofal\u00f3wka<\/li>\n<li>Czajnik elektryczny<\/li>\n<li>\u017belazko, deska do prasowania, suszarka do ubra\u0144<\/li>\n<\/ul>\n<p>\n","protected":false},"excerpt":{"rendered":"<p>Przytulny i komfortowy pok\u00f3j ze zwi\u0119kszon\u0105 powierzchni\u0105 i widokiem na miasto, zaprojektowany w oparciu o styl Art Deco. Powierzchnia \u2013 19,5 m 2 . W numerze s\u0105: Dwuosobowe \u0142\u00f3\u017cko king-size (160\u0445200 m) Darmowe Wi-Fi 32-calowy telewizor LED Klimatyzator inwerterowy (pokoje z widokiem na miasto) Suszarka do w\u0142os\u00f3w Hipoalergiczne ko\u0142dry i poduszki Wysokogatunkowa po\u015bciel i 100%-bawe\u0142niane &hellip; <\/p>\n<p class=\"link-more\"><a href=\"https:\/\/artdecorooms.com.ua\/pl\/rooms\/room-superior\/\" class=\"more-link\">Czytaj dalej<span class=\"screen-reader-text\"> NUMER SUPERIOR<\/span><\/a><\/p>\n","protected":false},"author":1,"featured_media":339,"parent":39,"menu_order":1,"comment_status":"closed","ping_status":"closed","template":"page-room.php","meta":{"footnotes":""},"class_list":["post-145","page","type-page","status-publish","has-post-thumbnail","hentry"],"aioseo_notices":[],"_links":{"self":[{"href":"https:\/\/artdecorooms.com.ua\/pl\/wp-json\/wp\/v2\/pages\/145","targetHints":{"allow":["GET"]}}],"collection":[{"href":"https:\/\/artdecorooms.com.ua\/pl\/wp-json\/wp\/v2\/pages"}],"about":[{"href":"https:\/\/artdecorooms.com.ua\/pl\/wp-json\/wp\/v2\/types\/page"}],"author":[{"embeddable":true,"href":"https:\/\/artdecorooms.com.ua\/pl\/wp-json\/wp\/v2\/users\/1"}],"replies":[{"embeddable":true,"href":"https:\/\/artdecorooms.com.ua\/pl\/wp-json\/wp\/v2\/comments?post=145"}],"version-history":[{"count":62,"href":"https:\/\/artdecorooms.com.ua\/pl\/wp-json\/wp\/v2\/pages\/145\/revisions"}],"predecessor-version":[{"id":2078,"href":"https:\/\/artdecorooms.com.ua\/pl\/wp-json\/wp\/v2\/pages\/145\/revisions\/2078"}],"up":[{"embeddable":true,"href":"https:\/\/artdecorooms.com.ua\/pl\/wp-json\/wp\/v2\/pages\/39"}],"wp:featuredmedia":[{"embeddable":true,"href":"https:\/\/artdecorooms.com.ua\/pl\/wp-json\/wp\/v2\/media\/339"}],"wp:attachment":[{"href":"https:\/\/artdecorooms.com.ua\/pl\/wp-json\/wp\/v2\/media?parent=145"}],"curies":[{"name":"wp","href":"https:\/\/api.w.org\/{rel}","templated":true}]}}