{"id":6,"date":"2018-10-02T03:17:00","date_gmt":"2018-10-02T00:17:00","guid":{"rendered":"http:\/\/artdeko.jinn-team.com\/?page_id=6"},"modified":"2022-09-13T16:19:48","modified_gmt":"2022-09-13T13:19:48","slug":"about","status":"publish","type":"page","link":"https:\/\/artdecorooms.com.ua\/de\/about\/","title":{"rendered":"\u00dcBER UNS"},"content":{"rendered":"<p>Art Deco Central Rooms ist ein neues Mini-Hotel in der Mitte der Stadt Lviv. Wir bieten zu Ihrer Auswahl sechs komfortablen und gem\u00fctlichen Zimmer der Economy-, Classic-und Deluxe-Klasse nach einem Autorendesign im Art-Deco-Stil an.<\/p>\n<p>Wir schaffen f\u00fcr unsere G\u00e4ste perfekte Unterkunft Bedingungen, perfekter Hotel- und Fachservice, gem\u00fctliche Atmosph\u00e4re. Das alles wird Ihre Eindr\u00fccke vom Aufenthalt in reizender und altert\u00fcmlicher L\u00f6wenstadt vervollst\u00e4ndigen.<\/p>\n<p>Das Mini-Hotel liegt im Stadtzentrum und ist 5-20 Minuten zu Fu\u00df von den meisten architektonischen Denkm\u00e4lern entfernt. Die meist ber\u00fchmten von ihnen sind: I.-Franko-Park 400 m vom Mini Hotel entfernt, Potozki-Palast 450 m vom Mini Hotel entfernt, Jesuitenkloster 500 m vom Mini Hotel entfernt, Rynok-Platz 700 m vom Mini Hotel entfernt, Opernhaus 700 m vom Mini Hotel entfernt.<\/p>\n<p>Art Deco Central Rooms liegt in Petro-Doroschenko-Stra\u00dfe, deren Geschichte noch im Jahre 1470 beginnt.<\/p>\n<p>Das Haus Nr. 22, in dem das Mini-Hotel untergebracht ist, wurde im Jahre 1927 in traditionellen Moderne-und Art-Deco-Stils errichtet. Das Bauprojekt wurde noch im Jahre 1925 vom Architekten Salomon Keil auf Bestellung von Bernhard Tein entwickelt. Nach dem Projekt vom Architekten Jusef Awina wurde der dritte Stock aufgebaut.<\/p>\n<p>Art Deco Central Rooms ist der Standpunkt, wo Sie uns jederzeit willkommen sind!<\/p>\n\n\n<p><\/p>\n","protected":false},"excerpt":{"rendered":"<p>Art Deco Central Rooms ist ein neues Mini-Hotel in der Mitte der Stadt Lviv. Wir bieten zu Ihrer Auswahl sechs komfortablen und gem\u00fctlichen Zimmer der Economy-, Classic-und Deluxe-Klasse nach einem Autorendesign im Art-Deco-Stil an. Wir schaffen f\u00fcr unsere G\u00e4ste perfekte Unterkunft Bedingungen, perfekter Hotel- und Fachservice, gem\u00fctliche Atmosph\u00e4re. Das alles wird Ihre Eindr\u00fccke vom Aufenthalt &hellip; <\/p>\n<p class=\"link-more\"><a href=\"https:\/\/artdecorooms.com.ua\/de\/about\/\" class=\"more-link\"><span class=\"screen-reader-text\">\u201e\u00dcBER UNS\u201c<\/span> weiterlesen<\/a><\/p>\n","protected":false},"author":1,"featured_media":231,"parent":0,"menu_order":0,"comment_status":"closed","ping_status":"closed","template":"","meta":{"footnotes":""},"class_list":["post-6","page","type-page","status-publish","has-post-thumbnail","hentry"],"aioseo_notices":[],"_links":{"self":[{"href":"https:\/\/artdecorooms.com.ua\/de\/wp-json\/wp\/v2\/pages\/6","targetHints":{"allow":["GET"]}}],"collection":[{"href":"https:\/\/artdecorooms.com.ua\/de\/wp-json\/wp\/v2\/pages"}],"about":[{"href":"https:\/\/artdecorooms.com.ua\/de\/wp-json\/wp\/v2\/types\/page"}],"author":[{"embeddable":true,"href":"https:\/\/artdecorooms.com.ua\/de\/wp-json\/wp\/v2\/users\/1"}],"replies":[{"embeddable":true,"href":"https:\/\/artdecorooms.com.ua\/de\/wp-json\/wp\/v2\/comments?post=6"}],"version-history":[{"count":20,"href":"https:\/\/artdecorooms.com.ua\/de\/wp-json\/wp\/v2\/pages\/6\/revisions"}],"predecessor-version":[{"id":1472,"href":"https:\/\/artdecorooms.com.ua\/de\/wp-json\/wp\/v2\/pages\/6\/revisions\/1472"}],"wp:featuredmedia":[{"embeddable":true,"href":"https:\/\/artdecorooms.com.ua\/de\/wp-json\/wp\/v2\/media\/231"}],"wp:attachment":[{"href":"https:\/\/artdecorooms.com.ua\/de\/wp-json\/wp\/v2\/media?parent=6"}],"curies":[{"name":"wp","href":"https:\/\/api.w.org\/{rel}","templated":true}]}}