{"id":169,"date":"2018-10-20T07:20:20","date_gmt":"2018-10-20T04:20:20","guid":{"rendered":"http:\/\/artdeko.jinn-team.com\/?page_id=169"},"modified":"2025-06-22T12:06:20","modified_gmt":"2025-06-22T09:06:20","slug":"room-standard","status":"publish","type":"page","link":"https:\/\/artdecorooms.com.ua\/de\/rooms\/room-standard\/","title":{"rendered":"ECONOMY ZIMMER"},"content":{"rendered":"<p>Gem\u00fctliches und komfortables Zimmer, gestaltet im Art-Deco-Stil.<br \/>\nFl\u00e4che \u2013 14 m\u00b2.<\/p>\n<p>Im Zimmer gibt es:<\/p>\n<ul>\n<li>Zwei Einzelbetten (90\u0445200m)<\/li>\n<li>Kostenloses Wi-Fi<\/li>\n<li>LED-Fernseher mit 32 Zoll Bildschirm<\/li>\n<li>Haartrockenger\u00e4t<\/li>\n<li>Hypoallergene Bettdecken und Kissen<\/li>\n<li>Hochwertiges Bettw\u00e4sche und Handt\u00fccher aus 100% Baumwolle<\/li>\n<li>Bequeme orthop\u00e4dische Matratze<\/li>\n<li>Hausschuhe<\/li>\n<\/ul>\n<p>Ein k\u00f6stliches und ausgezeichnetes Fr\u00fchst\u00fcck kann auch bei uns bestellt werden.<br \/>\nFr\u00fchst\u00fcckspreis &#8211; 270 UAH pro Person.<\/p>\n<p>Kostenlose Dienstleistungen f\u00fcr G\u00e4ste im allgemeinen Nutzungsbereich:<\/p>\n<ul>\n<li>Kaffeemaschine mit aromatischem Kaffee<\/li>\n<li>K\u00fchlschrank<\/li>\n<li>Mikrowellenherd<\/li>\n<li>Wasserkocher<\/li>\n<li>B\u00fcgeleisen, B\u00fcgelbrett, W\u00e4schetrockner<\/li>\n<\/ul>\n","protected":false},"excerpt":{"rendered":"<p>Gem\u00fctliches und komfortables Zimmer, gestaltet im Art-Deco-Stil. Fl\u00e4che \u2013 14 m\u00b2. Im Zimmer gibt es: Zwei Einzelbetten (90\u0445200m) Kostenloses Wi-Fi LED-Fernseher mit 32 Zoll Bildschirm Haartrockenger\u00e4t Hypoallergene Bettdecken und Kissen Hochwertiges Bettw\u00e4sche und Handt\u00fccher aus 100% Baumwolle Bequeme orthop\u00e4dische Matratze Hausschuhe Ein k\u00f6stliches und ausgezeichnetes Fr\u00fchst\u00fcck kann auch bei uns bestellt werden. Fr\u00fchst\u00fcckspreis &#8211; 270 &hellip; <\/p>\n<p class=\"link-more\"><a href=\"https:\/\/artdecorooms.com.ua\/de\/rooms\/room-standard\/\" class=\"more-link\"><span class=\"screen-reader-text\">\u201eECONOMY ZIMMER\u201c<\/span> weiterlesen<\/a><\/p>\n","protected":false},"author":1,"featured_media":340,"parent":39,"menu_order":3,"comment_status":"closed","ping_status":"closed","template":"page-room.php","meta":{"footnotes":""},"class_list":["post-169","page","type-page","status-publish","has-post-thumbnail","hentry"],"aioseo_notices":[],"_links":{"self":[{"href":"https:\/\/artdecorooms.com.ua\/de\/wp-json\/wp\/v2\/pages\/169","targetHints":{"allow":["GET"]}}],"collection":[{"href":"https:\/\/artdecorooms.com.ua\/de\/wp-json\/wp\/v2\/pages"}],"about":[{"href":"https:\/\/artdecorooms.com.ua\/de\/wp-json\/wp\/v2\/types\/page"}],"author":[{"embeddable":true,"href":"https:\/\/artdecorooms.com.ua\/de\/wp-json\/wp\/v2\/users\/1"}],"replies":[{"embeddable":true,"href":"https:\/\/artdecorooms.com.ua\/de\/wp-json\/wp\/v2\/comments?post=169"}],"version-history":[{"count":48,"href":"https:\/\/artdecorooms.com.ua\/de\/wp-json\/wp\/v2\/pages\/169\/revisions"}],"predecessor-version":[{"id":1977,"href":"https:\/\/artdecorooms.com.ua\/de\/wp-json\/wp\/v2\/pages\/169\/revisions\/1977"}],"up":[{"embeddable":true,"href":"https:\/\/artdecorooms.com.ua\/de\/wp-json\/wp\/v2\/pages\/39"}],"wp:featuredmedia":[{"embeddable":true,"href":"https:\/\/artdecorooms.com.ua\/de\/wp-json\/wp\/v2\/media\/340"}],"wp:attachment":[{"href":"https:\/\/artdecorooms.com.ua\/de\/wp-json\/wp\/v2\/media?parent=169"}],"curies":[{"name":"wp","href":"https:\/\/api.w.org\/{rel}","templated":true}]}}