{"id":145,"date":"2018-10-08T06:29:51","date_gmt":"2018-10-08T03:29:51","guid":{"rendered":"http:\/\/artdeko.jinn-team.com\/?page_id=145"},"modified":"2026-03-03T07:35:11","modified_gmt":"2026-03-03T05:35:11","slug":"room-superior","status":"publish","type":"page","link":"https:\/\/artdecorooms.com.ua\/de\/rooms\/room-superior\/","title":{"rendered":"DELUXE ZIMMER"},"content":{"rendered":"<p>Gem\u00fctliches und komfortables Zimmer von vergr\u00f6\u00dferter Fl\u00e4che mit Aussicht auf die Stadt, gestaltet im Art-Deco-Stil. Die Fl\u00e4che betr\u00e4gt 19,5 m\u00b2.<\/p>\n<p>Im Zimmer gibt es:<\/p>\n<ul>\n<li>King-size Doppelbett (160\u0445200m)<\/li>\n<li>Kostenloses Wi-Fi<\/li>\n<li>LED-Fernseher mit 32 Zoll Bildschirm<\/li>\n<li>Inventer-Klimaanlage (Zimmer mit Stadtblick)<\/li>\n<li>Haartrockenger\u00e4t<\/li>\n<li>Hypoallergene Bettdecken und Kissen<\/li>\n<li>Hochwertiges Bettw\u00e4sche und Handt\u00fccher aus 100% Baumwolle<\/li>\n<li>Bequeme orthop\u00e4dische Matratze<\/li>\n<li>Hausschuhe<\/li>\n<li>Die M\u00f6glichkeit eines zus\u00e4tzlichen Bettes (wird mit der\/dem Rezeptionist\/in vorab vereinbart).<\/li>\n<\/ul>\n<p>Ein k\u00f6stliches und ausgezeichnetes Fr\u00fchst\u00fcck kann auch bei uns bestellt werden. Fr\u00fchst\u00fcckspreis &#8211; 290 UAH pro Person.<\/p>\n<p>Kostenlose Dienstleistungen f\u00fcr G\u00e4ste im allgemeinen Nutzungsbereich:<\/p>\n<ul>\n<li>Kaffeemaschine mit aromatischem Kaffee<\/li>\n<li>K\u00fchlschrank<\/li>\n<li>Mikrowellenherd<\/li>\n<li>Wasserkocher<\/li>\n<li>B\u00fcgeleisen, B\u00fcgelbrett, W\u00e4schetrockner<\/li>\n<\/ul>\n<p>\n","protected":false},"excerpt":{"rendered":"<p>Gem\u00fctliches und komfortables Zimmer von vergr\u00f6\u00dferter Fl\u00e4che mit Aussicht auf die Stadt, gestaltet im Art-Deco-Stil. Die Fl\u00e4che betr\u00e4gt 19,5 m\u00b2. Im Zimmer gibt es: King-size Doppelbett (160\u0445200m) Kostenloses Wi-Fi LED-Fernseher mit 32 Zoll Bildschirm Inventer-Klimaanlage (Zimmer mit Stadtblick) Haartrockenger\u00e4t Hypoallergene Bettdecken und Kissen Hochwertiges Bettw\u00e4sche und Handt\u00fccher aus 100% Baumwolle Bequeme orthop\u00e4dische Matratze Hausschuhe Die &hellip; <\/p>\n<p class=\"link-more\"><a href=\"https:\/\/artdecorooms.com.ua\/de\/rooms\/room-superior\/\" class=\"more-link\"><span class=\"screen-reader-text\">\u201eDELUXE ZIMMER\u201c<\/span> weiterlesen<\/a><\/p>\n","protected":false},"author":1,"featured_media":339,"parent":39,"menu_order":1,"comment_status":"closed","ping_status":"closed","template":"page-room.php","meta":{"footnotes":""},"class_list":["post-145","page","type-page","status-publish","has-post-thumbnail","hentry"],"aioseo_notices":[],"_links":{"self":[{"href":"https:\/\/artdecorooms.com.ua\/de\/wp-json\/wp\/v2\/pages\/145","targetHints":{"allow":["GET"]}}],"collection":[{"href":"https:\/\/artdecorooms.com.ua\/de\/wp-json\/wp\/v2\/pages"}],"about":[{"href":"https:\/\/artdecorooms.com.ua\/de\/wp-json\/wp\/v2\/types\/page"}],"author":[{"embeddable":true,"href":"https:\/\/artdecorooms.com.ua\/de\/wp-json\/wp\/v2\/users\/1"}],"replies":[{"embeddable":true,"href":"https:\/\/artdecorooms.com.ua\/de\/wp-json\/wp\/v2\/comments?post=145"}],"version-history":[{"count":62,"href":"https:\/\/artdecorooms.com.ua\/de\/wp-json\/wp\/v2\/pages\/145\/revisions"}],"predecessor-version":[{"id":2078,"href":"https:\/\/artdecorooms.com.ua\/de\/wp-json\/wp\/v2\/pages\/145\/revisions\/2078"}],"up":[{"embeddable":true,"href":"https:\/\/artdecorooms.com.ua\/de\/wp-json\/wp\/v2\/pages\/39"}],"wp:featuredmedia":[{"embeddable":true,"href":"https:\/\/artdecorooms.com.ua\/de\/wp-json\/wp\/v2\/media\/339"}],"wp:attachment":[{"href":"https:\/\/artdecorooms.com.ua\/de\/wp-json\/wp\/v2\/media?parent=145"}],"curies":[{"name":"wp","href":"https:\/\/api.w.org\/{rel}","templated":true}]}}