{"id":125,"date":"2018-10-07T16:42:20","date_gmt":"2018-10-07T13:42:20","guid":{"rendered":"http:\/\/artdeko.jinn-team.com\/?page_id=125"},"modified":"2026-02-25T22:08:42","modified_gmt":"2026-02-25T20:08:42","slug":"room-classic","status":"publish","type":"page","link":"https:\/\/artdecorooms.com.ua\/de\/rooms\/room-classic\/","title":{"rendered":"CLASSIC ZIMMER"},"content":{"rendered":"<p>Gem\u00fctliches und komfortables Zimmer, gestaltet im Art-Deco-Stil.<br \/>\nFl\u00e4che \u2013 14 m\u00b2.<\/p>\n<p>Im Zimmer gibt es:<\/p>\n<ul>\n<li>King-size Doppelbett (160\u0445200m)<\/li>\n<li>Kostenloses Wi-Fi<\/li>\n<li>LED-Fernseher mit 32 Zoll Bildschirm<\/li>\n<li>Inventer-Klimaanlage (Zimmer mit Stadtblick)<\/li>\n<li>Haartrockenger\u00e4t<\/li>\n<li>Hypoallergene Bettdecken und Kissen<\/li>\n<li>Hochwertiges Bettw\u00e4sche und Handt\u00fccher aus 100% Baumwolle<\/li>\n<li>Bequeme orthop\u00e4dische Matratze<\/li>\n<li>Hausschuhe<\/li>\n<\/ul>\n<p>Ein k\u00f6stliches und ausgezeichnetes Fr\u00fchst\u00fcck kann auch bei uns bestellt werden. Fr\u00fchst\u00fcckspreis &#8211; 270 UAH pro Person.<\/p>\n<p>Kostenlose Dienstleistungen f\u00fcr G\u00e4ste im allgemeinen Nutzungsbereich:<\/p>\n<ul>\n<li>Kaffeemaschine mit aromatischem Kaffee<\/li>\n<li>K\u00fchlschrank<\/li>\n<li>Mikrowellenherd<\/li>\n<li>Wasserkocher<\/li>\n<li>B\u00fcgeleisen, B\u00fcgelbrett, W\u00e4schetrockner<\/li>\n<\/ul>\n","protected":false},"excerpt":{"rendered":"<p>Gem\u00fctliches und komfortables Zimmer, gestaltet im Art-Deco-Stil. Fl\u00e4che \u2013 14 m\u00b2. Im Zimmer gibt es: King-size Doppelbett (160\u0445200m) Kostenloses Wi-Fi LED-Fernseher mit 32 Zoll Bildschirm Inventer-Klimaanlage (Zimmer mit Stadtblick) Haartrockenger\u00e4t Hypoallergene Bettdecken und Kissen Hochwertiges Bettw\u00e4sche und Handt\u00fccher aus 100% Baumwolle Bequeme orthop\u00e4dische Matratze Hausschuhe Ein k\u00f6stliches und ausgezeichnetes Fr\u00fchst\u00fcck kann auch bei uns bestellt &hellip; <\/p>\n<p class=\"link-more\"><a href=\"https:\/\/artdecorooms.com.ua\/de\/rooms\/room-classic\/\" class=\"more-link\"><span class=\"screen-reader-text\">\u201eCLASSIC ZIMMER\u201c<\/span> weiterlesen<\/a><\/p>\n","protected":false},"author":1,"featured_media":341,"parent":39,"menu_order":2,"comment_status":"closed","ping_status":"closed","template":"page-room.php","meta":{"footnotes":""},"class_list":["post-125","page","type-page","status-publish","has-post-thumbnail","hentry"],"aioseo_notices":[],"_links":{"self":[{"href":"https:\/\/artdecorooms.com.ua\/de\/wp-json\/wp\/v2\/pages\/125","targetHints":{"allow":["GET"]}}],"collection":[{"href":"https:\/\/artdecorooms.com.ua\/de\/wp-json\/wp\/v2\/pages"}],"about":[{"href":"https:\/\/artdecorooms.com.ua\/de\/wp-json\/wp\/v2\/types\/page"}],"author":[{"embeddable":true,"href":"https:\/\/artdecorooms.com.ua\/de\/wp-json\/wp\/v2\/users\/1"}],"replies":[{"embeddable":true,"href":"https:\/\/artdecorooms.com.ua\/de\/wp-json\/wp\/v2\/comments?post=125"}],"version-history":[{"count":51,"href":"https:\/\/artdecorooms.com.ua\/de\/wp-json\/wp\/v2\/pages\/125\/revisions"}],"predecessor-version":[{"id":1972,"href":"https:\/\/artdecorooms.com.ua\/de\/wp-json\/wp\/v2\/pages\/125\/revisions\/1972"}],"up":[{"embeddable":true,"href":"https:\/\/artdecorooms.com.ua\/de\/wp-json\/wp\/v2\/pages\/39"}],"wp:featuredmedia":[{"embeddable":true,"href":"https:\/\/artdecorooms.com.ua\/de\/wp-json\/wp\/v2\/media\/341"}],"wp:attachment":[{"href":"https:\/\/artdecorooms.com.ua\/de\/wp-json\/wp\/v2\/media?parent=125"}],"curies":[{"name":"wp","href":"https:\/\/api.w.org\/{rel}","templated":true}]}}